{"id":57,"date":"2017-04-06T18:00:49","date_gmt":"2017-04-06T16:00:49","guid":{"rendered":"http:\/\/www.resonance-medical.com\/?page_id=57"},"modified":"2017-04-06T20:06:35","modified_gmt":"2017-04-06T18:06:35","slug":"moteur-de-chirurgie","status":"publish","type":"page","link":"https:\/\/www.resonance-medical.com\/en\/moteur-de-chirurgie\/","title":{"rendered":"Moteur de chirurgie"},"content":{"rendered":"<p><img loading=\"lazy\" class=\"alignleft size-medium wp-image-14\" src=\"http:\/\/www.resonance-medical.com\/wp-content\/uploads\/2017\/03\/Resonance-MEDICAL-2014-300x110.png\" alt=\"\" width=\"300\" height=\"110\" srcset=\"https:\/\/www.resonance-medical.com\/wp-content\/uploads\/2017\/03\/Resonance-MEDICAL-2014-300x110.png 300w, https:\/\/www.resonance-medical.com\/wp-content\/uploads\/2017\/03\/Resonance-MEDICAL-2014.png 640w\" sizes=\"(max-width: 300px) 100vw, 300px\" \/><\/p>\n<p>&nbsp;<\/p>\n<p>&nbsp;<\/p>\n<p>&nbsp;<\/p>\n<p>Nous \u00a0proposons du Mat\u00e9riel M\u00e9dical \u00a0d&#8217;Occasion reconditionn\u00e9 \u00e0 moindre co\u00fbt aux voies traditionnelles de mat\u00e9riel chirurgical , Moteur de chirurgie d&#8217;occasion \u00a0&amp; accessoires.<br \/>\nNos \u00e9quipements en stock sont de classe 1 \u00e0 IIB &amp;<\/p>\n<p>ils proviennent de reprise aupr\u00e8s d&#8217;\u00e9tablissement de sant\u00e9, \u00a0 de Distributeurs sp\u00e9cialis\u00e9s dans les domaines de l\u2019Orthop\u00e9die sur la zone Euro.<\/p>\n<p><strong>Le Mat\u00e9riel M\u00e9dical d&#8217;Occasion est une alternative qui ce dois d&#8217;\u00eatre encadr\u00e9 selon les Normes Fran\u00e7aises &amp; Europ\u00e9ennes concernant le Dispositifs M\u00e9dicaux autour de la Tra\u00e7abilit\u00e9 (ATNC), la provenance &amp; le reconditionnement.<\/strong><\/p>\n<p>Ce sont des moteurs \u00e0 Batterie, \u00e9lectrique, pneumatique &amp; tous leurs accessoires autour du domaine de l&#8217;Orthop\u00e9die.<\/p>\n<ul>\n<li>Tous les \u00e9quipements sont reconditionn\u00e9s &amp; subissent des tests de performances avant leurs introduction sur le march\u00e9 de l&#8217;occasion.<\/li>\n<\/ul>\n<p>Nos propositions sont accompagn\u00e9es de garanties &amp; possibilit\u00e9 de S.A.V. au del\u00e0 de cette p\u00e9riode<\/p>\n","protected":false},"excerpt":{"rendered":"<p>&nbsp; &nbsp; &nbsp; Nous \u00a0proposons du Mat\u00e9riel M\u00e9dical \u00a0d&#8217;Occasion reconditionn\u00e9 \u00e0 moindre co\u00fbt aux voies traditionnelles de mat\u00e9riel chirurgical , Moteur de chirurgie d&#8217;occasion \u00a0&amp; accessoires. Nos \u00e9quipements en stock sont de classe 1 \u00e0 IIB &amp; ils proviennent de reprise aupr\u00e8s d&#8217;\u00e9tablissement de sant\u00e9, \u00a0 de Distributeurs sp\u00e9cialis\u00e9s dans les domaines de l\u2019Orthop\u00e9die sur &hellip; <\/p>\n<p class=\"link-more\"><a href=\"https:\/\/www.resonance-medical.com\/en\/moteur-de-chirurgie\/\" class=\"more-link\">Continue reading<span class=\"screen-reader-text\"> &#8220;Moteur de chirurgie&#8221;<\/span><\/a><\/p>\n","protected":false},"author":1,"featured_media":0,"parent":0,"menu_order":0,"comment_status":"closed","ping_status":"closed","template":"","meta":[],"_links":{"self":[{"href":"https:\/\/www.resonance-medical.com\/en\/wp-json\/wp\/v2\/pages\/57"}],"collection":[{"href":"https:\/\/www.resonance-medical.com\/en\/wp-json\/wp\/v2\/pages"}],"about":[{"href":"https:\/\/www.resonance-medical.com\/en\/wp-json\/wp\/v2\/types\/page"}],"author":[{"embeddable":true,"href":"https:\/\/www.resonance-medical.com\/en\/wp-json\/wp\/v2\/users\/1"}],"replies":[{"embeddable":true,"href":"https:\/\/www.resonance-medical.com\/en\/wp-json\/wp\/v2\/comments?post=57"}],"version-history":[{"count":3,"href":"https:\/\/www.resonance-medical.com\/en\/wp-json\/wp\/v2\/pages\/57\/revisions"}],"predecessor-version":[{"id":95,"href":"https:\/\/www.resonance-medical.com\/en\/wp-json\/wp\/v2\/pages\/57\/revisions\/95"}],"wp:attachment":[{"href":"https:\/\/www.resonance-medical.com\/en\/wp-json\/wp\/v2\/media?parent=57"}],"curies":[{"name":"wp","href":"https:\/\/api.w.org\/{rel}","templated":true}]}}