{"id":12,"date":"2017-03-29T00:18:56","date_gmt":"2017-03-28T22:18:56","guid":{"rendered":"http:\/\/www.resonance-medical.com\/?page_id=12"},"modified":"2017-04-06T19:31:30","modified_gmt":"2017-04-06T17:31:30","slug":"qui-sommes-nous","status":"publish","type":"page","link":"https:\/\/www.resonance-medical.com\/en\/qui-sommes-nous\/","title":{"rendered":"Qui sommes nous ?"},"content":{"rendered":"<p>&nbsp;<\/p>\n<p><img loading=\"lazy\" class=\"alignleft size-medium wp-image-14\" src=\"http:\/\/www.resonance-medical.com\/wp-content\/uploads\/2017\/03\/Resonance-MEDICAL-2014-300x110.png\" alt=\"\" width=\"300\" height=\"110\" srcset=\"https:\/\/www.resonance-medical.com\/wp-content\/uploads\/2017\/03\/Resonance-MEDICAL-2014-300x110.png 300w, https:\/\/www.resonance-medical.com\/wp-content\/uploads\/2017\/03\/Resonance-MEDICAL-2014.png 640w\" sizes=\"(max-width: 300px) 100vw, 300px\" \/><\/p>\n<p>&nbsp;<\/p>\n<p>&nbsp;<\/p>\n<p>&nbsp;<\/p>\n<p>&nbsp;<\/p>\n<p><u><a href=\"http:\/\/www.resonance-medical.com\">Resonance MEDICAL <strong>.<\/strong><strong>.<\/strong><strong>.<\/strong><\/a><\/u> est une soci\u00e9t\u00e9 Fran\u00e7aise situ\u00e9 \u00e0 la Rochelle (Charente Maritime), sp\u00e9cialis\u00e9e dans la vente\u00a0 &amp; la r\u00e9paration de moteurs chirurgicaux reconditionn\u00e9s avec Accessoires.<br \/>\nDepuis 2012, nous sommes venus \u00e0 exister presque par n\u00e9cessit\u00e9 pour r\u00e9pondre \u00e0 la forte demande de solutions \u00e0 moindre co\u00fbt aux voies traditionnelles de mat\u00e9riel chirurgical , Moteur de chirurgie d&#8217;occasion &amp; Consommables.<\/p>\n<p>Notre mission est d&#8217;aider nos clients \u00e0 d\u00e9velopper , mettre en \u0153uvre ou am\u00e9liorer leur service de chirurgie , toujours s&#8217;assurer que le patient vient en premier et les profits en seconde.<\/p>\n<p>&nbsp;<\/p>\n<p><strong><u>Quels domaines\u00a0:<br \/>\n<\/u><\/strong>L\u2019Orthop\u00e9die, l&#8217;Ost\u00e9osynth\u00e8se<\/p>\n<p><strong><u>Mat\u00e9riel\u00a0:<\/u><\/strong><\/p>\n<p>Multimarque, Classe 1 \u00e0 IIB.<br \/>\nMoteur de chirurgie Orthop\u00e9die &amp; tous leurs accessoires<\/p>\n<p>&nbsp;<\/p>\n<p><strong><u>R\u00e9seau\u00a0: <\/u><\/strong><\/p>\n<p>Distributeurs sp\u00e9cialis\u00e9s, professionnel de sant\u00e9, ONG, V\u00e9t\u00e9rinaire&#8230;..<\/p>\n","protected":false},"excerpt":{"rendered":"<p>&nbsp; &nbsp; &nbsp; &nbsp; &nbsp; Resonance MEDICAL &#8230; est une soci\u00e9t\u00e9 Fran\u00e7aise situ\u00e9 \u00e0 la Rochelle (Charente Maritime), sp\u00e9cialis\u00e9e dans la vente\u00a0 &amp; la r\u00e9paration de moteurs chirurgicaux reconditionn\u00e9s avec Accessoires. Depuis 2012, nous sommes venus \u00e0 exister presque par n\u00e9cessit\u00e9 pour r\u00e9pondre \u00e0 la forte demande de solutions \u00e0 moindre co\u00fbt aux voies traditionnelles &hellip; <\/p>\n<p class=\"link-more\"><a href=\"https:\/\/www.resonance-medical.com\/en\/qui-sommes-nous\/\" class=\"more-link\">Continue reading<span class=\"screen-reader-text\"> &#8220;Qui sommes nous ?&#8221;<\/span><\/a><\/p>\n","protected":false},"author":1,"featured_media":0,"parent":0,"menu_order":0,"comment_status":"closed","ping_status":"closed","template":"","meta":[],"_links":{"self":[{"href":"https:\/\/www.resonance-medical.com\/en\/wp-json\/wp\/v2\/pages\/12"}],"collection":[{"href":"https:\/\/www.resonance-medical.com\/en\/wp-json\/wp\/v2\/pages"}],"about":[{"href":"https:\/\/www.resonance-medical.com\/en\/wp-json\/wp\/v2\/types\/page"}],"author":[{"embeddable":true,"href":"https:\/\/www.resonance-medical.com\/en\/wp-json\/wp\/v2\/users\/1"}],"replies":[{"embeddable":true,"href":"https:\/\/www.resonance-medical.com\/en\/wp-json\/wp\/v2\/comments?post=12"}],"version-history":[{"count":4,"href":"https:\/\/www.resonance-medical.com\/en\/wp-json\/wp\/v2\/pages\/12\/revisions"}],"predecessor-version":[{"id":87,"href":"https:\/\/www.resonance-medical.com\/en\/wp-json\/wp\/v2\/pages\/12\/revisions\/87"}],"wp:attachment":[{"href":"https:\/\/www.resonance-medical.com\/en\/wp-json\/wp\/v2\/media?parent=12"}],"curies":[{"name":"wp","href":"https:\/\/api.w.org\/{rel}","templated":true}]}}