{"id":10,"date":"2017-03-29T00:18:56","date_gmt":"2017-03-28T22:18:56","guid":{"rendered":"http:\/\/www.resonance-medical.com\/?page_id=10"},"modified":"2021-09-14T09:15:29","modified_gmt":"2021-09-14T07:15:29","slug":"cgv","status":"publish","type":"page","link":"http:\/\/www.resonance-medical.com\/en\/cgv\/","title":{"rendered":"Conditions G\u00e9n\u00e9rales de Ventes"},"content":{"rendered":"<p><strong>CONDITIONS GENERALES DE VENTE<\/strong><\/p>\n<p><strong>Acception des commandes<\/strong><\/p>\n<p>Toute commande emporte adh\u00e9sion sans r\u00e9serve \u00e0 nos conditions g\u00e9n\u00e9rales de vente nonobstant toute stipulation contraire figurant dans les conditions g\u00e9n\u00e9rales d\u2019achat de nos clients.<\/p>\n<p><strong>\u00a0OFFRE-DESCRIPTION<\/strong><\/p>\n<ol>\n<li>Vente, Achat, R\u00e9paration &amp; Location mat\u00e9riel m\u00e9dical Neuf ou d\u2019occasion.<\/li>\n<li>Le mat\u00e9riel vendu, r\u00e9par\u00e9 ou lou\u00e9 par RESONANCE MEDICAL est garanti ou non-garantie <strong>selon les conditions d\u00e9finis sur les Devis, Pro <\/strong><strong>Forma &amp; Factures.<\/strong><\/li>\n<li>Le mat\u00e9riel vendu, r\u00e9par\u00e9 ou lou\u00e9 par RESONANCE MEDICAL a \u00e9t\u00e9 reconditionn\u00e9 par ces services ou une soci\u00e9t\u00e9 tiers qualifi\u00e9 par elle<\/li>\n<li>RESONANCE MEDICAL n\u2019engagera pas sa responsabilit\u00e9, si compte tenu de sa v\u00e9tust\u00e9, le produit tombe en panne, hors p\u00e9riode de garantie et qu\u2019il n\u2019est plus r\u00e9parable, ou si les pi\u00e8ces de rechange du produit ne sont plus fabriqu\u00e9es, de sorte que le produit ne peut \u00eatre remis en \u00e9tat.<\/li>\n<\/ol>\n<p><strong>TARIF-PAIeMENT<\/strong><\/p>\n<p>Nos marchandises ou nos services sont factur\u00e9s en fonction des propositions commerciales valid\u00e9es par \u00e9crit. (Devis)<\/p>\n<ol>\n<li>L\u2019Euro est la devise.<\/li>\n<li>Les paiements sont indiqu\u00e9s sur le devis et devront \u00eatre faits par virement bancaire ou par ch\u00e8que. En cas de d\u00e9faut d\u2019\u00e9mission du paiement, RESONANCE MEDICAL pourra \u00e0 son choix se pr\u00e9valoir de la r\u00e9siliation du contrat de plein droit, automatiquement et sans mise en demeure pr\u00e9alable. RESONANCE MEDICAL sera alors libre de vendre les produits command\u00e9s par le client \u00e0 un tiers.<\/li>\n<li>Aucun escompte n\u2019est accord\u00e9 notamment pour paiement int\u00e9gral.<\/li>\n<li>les <strong>d\u00e9lais de paiement sont de 30 jours \u00e0 compter de la date de facturation<\/strong>, limit\u00e9 \u00e0 60 jours avec des p\u00e9nalit\u00e9s de retard major\u00e9s \u00e0 5% du montant Hors Taxe selon<strong> la Loi LME applicables depuis le 1er janvier 2009<\/strong>.<\/li>\n<\/ol>\n<ol start=\"5\">\n<li>Escompte pour r\u00e8glement anticip\u00e9 : 0 %<\/li>\n<li>En cas de retard de paiement, une p\u00e9nalit\u00e9 \u00e9gale \u00e0 3 fois le taux d&#8217;int\u00e9r\u00eat l\u00e9gal sera exigible (D\u00e9cret 2009-138 du 9<br \/>\nF\u00e9vrier 2009), ainsi qu&#8217;une indemnit\u00e9 forfaitaire pour frais de recouvrement d&#8217;un montant minimum de 40 euros pour Les professionnels (D\u00e9cret 2012-1115 du 9 octobre 2012)<\/li>\n<li>7.TVA zone France fix\u00e9e au taux en vigueur.<\/li>\n<\/ol>\n<p><strong>Garantie<\/strong><\/p>\n<ol>\n<li>Le mat\u00e9riel vendu, r\u00e9par\u00e9 ou lou\u00e9 par RESONANCE MEDICAL est garanti <strong>quatre vingt dix jours (90) minimum.<\/strong><\/li>\n<li>Le mat\u00e9riel vendu, r\u00e9par\u00e9 ou lou\u00e9 est livr\u00e9 <strong>NON STERILE<\/strong><\/li>\n<li>RESONANCE MEDICAL ne garantie que le fonctionnement du mat\u00e9riel d\u2019occasion, neuf ou r\u00e9par\u00e9 et se r\u00e9serve le droit de r\u00e9parer ou de remplacer tout mat\u00e9riel selon les conditions de la garantie.<\/li>\n<\/ol>\n<p><strong><u>Concernant le mat\u00e9riel vendu ou r\u00e9par\u00e9, l\u2019acheteur ou le client assume l\u2019enti\u00e8re responsabilit\u00e9 de l\u2019usage qu\u2019il fera du mat\u00e9riel, qu\u2019il l\u2019utilise s\u00e9par\u00e9ment ou conjointement \u00e0 un autre mat\u00e9riel.<\/u><\/strong><\/p>\n<p><strong><u>RESONANCE MEDICAL recommande \u00e0 l\u2019utilisateur du mat\u00e9riel de le faire \u00e9valuer par un technicien biom\u00e9dical qualifi\u00e9 avant son utilisation ou introduction dans un service.<\/u><\/strong><\/p>\n<p><strong><u>RESONANCE MEDICAL ne saurait \u00eatre tenue responsable des cons\u00e9quences directes ou non de la mauvaise utilisation du mat\u00e9riel vendu ou r\u00e9par\u00e9 par elle tant sur les personnes que sur les biens.<\/u><\/strong><\/p>\n<p><strong>Clause de r\u00e9serve de propri\u00e9t\u00e9<\/strong><\/p>\n<p>En application de la loi n\u00b0 80.33 du 12.05.80, RESONANCE MEDICAL se r\u00e9serve la propri\u00e9t\u00e9 de la marchandise livr\u00e9e par elle jusqu\u2019au paiement int\u00e9gral du prix et au cas d\u2019\u00e9mission de ch\u00e8que ou d\u2019effets de commerce jusqu\u2019\u00e0 leur encaissement. Pendant la dur\u00e9e de r\u00e9serve de propri\u00e9t\u00e9, les risques ayant \u00e9t\u00e9 transf\u00e9r\u00e9s \u00e0 l\u2019acheteur d\u00e8s la sortie des marchandises de notre soci\u00e9t\u00e9, l\u2019acheteur devra assurer la marchandise contre tous risques et dommages. Les polices d\u2019assurance mentionneront la qualit\u00e9 de propri\u00e9taire du vendeur.<\/p>\n<p><strong>RECLAMATIONS<\/strong><\/p>\n<p>Toute r\u00e9clamation pour livraison incompl\u00e8te devra \u00eatre faite dans les 7 jours suivant la r\u00e9ception des marchandises. Toute r\u00e9clamation pour des marchandises endommag\u00e9es devra \u00eatre faite dans les 7 jours suivant la r\u00e9ception des marchandises et devra \u00eatre accompagn\u00e9e d\u2019un rapport d\u00e9taill\u00e9 destin\u00e9 \u00e0 notre compagnie d\u2019assurances ou au transporteur. Toute r\u00e9clamation non accompagn\u00e9e d\u2019un rapport ne sera pas accept\u00e9e. Dans le cas o\u00f9 l\u2019exp\u00e9dition est assur\u00e9e par une assurance d\u2019abonnement, veuillez notifier votre compagnie d\u2019assurances.<\/p>\n<p><strong>RETOUR MARCHANDISE<\/strong><\/p>\n<p>Toute marchandise renvoy\u00e9e sans notre accord \u00e9crit pr\u00e9alable ne pourra donner lieu \u00e0 l\u2019\u00e9tablissement d\u2019un avoir. <strong>Les marchandises factur\u00e9es depuis sept jours (7) ou plus<\/strong> ne seront pas accept\u00e9es en retour. Toutes les marchandises renvoy\u00e9es doivent \u00eatre en parfait \u00e9tat pour remise en vente. Un forfait de vingt pour-cent (20%) sera factur\u00e9 pour frais de manutention et re-stockage. Nous ne pourrons pas accepter le retour de marchandises ayant \u00e9t\u00e9 modifi\u00e9es ou adapt\u00e9es sp\u00e9cialement. Pour l\u2019\u00e9tablissement d\u2019un avoir relatif \u00e0 un retour, nous vous demandons de nous indiquer votre num\u00e9ro de commande et le num\u00e9ro de la facture correspondante.<\/p>\n<p><strong>TRANSPORT<\/strong><\/p>\n<ol>\n<li>Les d\u00e9lais de livraison sont mentionn\u00e9s \u00e0 titre indicatif, de sorte que notre responsabilit\u00e9 ne saurait \u00eatre engag\u00e9e en cas de retard de livraison.<br \/>\n2. Le co\u00fbt est \u00e0 la charge du client, il sera propos\u00e9 en fonction des caract\u00e9ristiques des produits.<\/li>\n<\/ol>\n<p><strong>\u00a0\u00a0\u00a0\u00a0\u00a0\u00a0\u00a0\u00a0\u00a0\u00a0\u00a0\u00a0\u00a0\u00a0\u00a0\u00a0\u00a0\u00a0\u00a0\u00a0\u00a0\u00a0\u00a0\u00a0\u00a0\u00a0\u00a0\u00a0\u00a0\u00a0\u00a0\u00a0\u00a0\u00a0\u00a0\u00a0\u00a0\u00a0\u00a0\u00a0\u00a0\u00a0\u00a0\u00a0\u00a0\u00a0\u00a0\u00a0\u00a0\u00a0\u00a0\u00a0\u00a0\u00a0\u00a0\u00a0\u00a0\u00a0\u00a0\u00a0\u00a0\u00a0\u00a0\u00a0\u00a0\u00a0\u00a0\u00a0\u00a0\u00a0\u00a0\u00a0\u00a0\u00a0\u00a0\u00a0\u00a0\u00a0\u00a0\u00a0\u00a0\u00a0\u00a0\u00a0\u00a0\u00a0\u00a0\u00a0 Litige<\/strong><\/p>\n<p>Le tribunal de commerce comp\u00e9tant est celui de La Rochelle, 14 rue Palais, 17000 LA ROCHELLE<\/p>\n","protected":false},"excerpt":{"rendered":"<p>CONDITIONS GENERALES DE VENTE Acception des commandes Toute commande emporte adh\u00e9sion sans r\u00e9serve \u00e0 nos conditions g\u00e9n\u00e9rales de vente nonobstant toute stipulation contraire figurant dans les conditions g\u00e9n\u00e9rales d\u2019achat de nos clients. \u00a0OFFRE-DESCRIPTION Vente, Achat, R\u00e9paration &amp; Location mat\u00e9riel m\u00e9dical Neuf ou d\u2019occasion. Le mat\u00e9riel vendu, r\u00e9par\u00e9 ou lou\u00e9 par RESONANCE MEDICAL est garanti ou &hellip; <\/p>\n<p class=\"link-more\"><a href=\"http:\/\/www.resonance-medical.com\/en\/cgv\/\" class=\"more-link\">Continue reading<span class=\"screen-reader-text\"> &#8220;Conditions G\u00e9n\u00e9rales de Ventes&#8221;<\/span><\/a><\/p>\n","protected":false},"author":1,"featured_media":0,"parent":0,"menu_order":0,"comment_status":"closed","ping_status":"closed","template":"","meta":[],"_links":{"self":[{"href":"http:\/\/www.resonance-medical.com\/en\/wp-json\/wp\/v2\/pages\/10"}],"collection":[{"href":"http:\/\/www.resonance-medical.com\/en\/wp-json\/wp\/v2\/pages"}],"about":[{"href":"http:\/\/www.resonance-medical.com\/en\/wp-json\/wp\/v2\/types\/page"}],"author":[{"embeddable":true,"href":"http:\/\/www.resonance-medical.com\/en\/wp-json\/wp\/v2\/users\/1"}],"replies":[{"embeddable":true,"href":"http:\/\/www.resonance-medical.com\/en\/wp-json\/wp\/v2\/comments?post=10"}],"version-history":[{"count":5,"href":"http:\/\/www.resonance-medical.com\/en\/wp-json\/wp\/v2\/pages\/10\/revisions"}],"predecessor-version":[{"id":160,"href":"http:\/\/www.resonance-medical.com\/en\/wp-json\/wp\/v2\/pages\/10\/revisions\/160"}],"wp:attachment":[{"href":"http:\/\/www.resonance-medical.com\/en\/wp-json\/wp\/v2\/media?parent=10"}],"curies":[{"name":"wp","href":"https:\/\/api.w.org\/{rel}","templated":true}]}}